{"id":6269,"date":"2021-10-19T19:01:49","date_gmt":"2021-10-19T22:01:49","guid":{"rendered":"https:\/\/packem.com.br\/trabaja-con-nosotros\/"},"modified":"2022-01-14T16:40:01","modified_gmt":"2022-01-14T19:40:01","slug":"trabaja-con-nosotros","status":"publish","type":"page","link":"https:\/\/packem.com.br\/es\/trabaja-con-nosotros\/","title":{"rendered":"Trabaja con nosotros"},"content":{"rendered":"<section class=\"wpb-content-wrapper\"><p>[vc_row heading_color=\u00bbprimary-1&#8243; flex_height=\u00bbyes\u00bb middle_content=\u00bbyes\u00bb bg_type=\u00bbcolor\u00bb header_feature=\u00bbyes\u00bb section_id=\u00bbsection1&#8243; bg_color=\u00bb#474649&#8243; font_color=\u00bb#ffffff\u00bb margin_bottom=\u00bb70&#8243;][vc_column][vc_column_text text_style=\u00bbsubtitle\u00bb animation=\u00bbfadeIn\u00bb css=\u00bb.vc_custom_1634227427058{padding-top: 5% !important;padding-right: 5% !important;padding-bottom: 5% !important;padding-left: 5% !important;}\u00bb]<\/p>\n<div class=\"page\" title=\"Page 1\">\n<div class=\"section\">\n<div class=\"layoutArea\">\n<div class=\"column\">\n<p style=\"text-align: center\">En Packem encontrar\u00e1s un entorno que busca la innovaci\u00f3n, valora a las personas a trav\u00e9s de las diferencias y est\u00e1 abierto a recibir personas con cualquier discapacidad, g\u00e9nero, etnia u orientaci\u00f3n sexual, valorando la calidad, la atenci\u00f3n al detalle y apuesta por la entrega final.<\/p>\n<\/div>\n<\/div>\n<\/div>\n<\/div>\n<p>[\/vc_column_text][\/vc_column][\/vc_row][vc_row flex_height=\u00bbyes\u00bb bg_type=\u00bbimage\u00bb bg_image=\u00bb5314&#8243; color_overlay=\u00bblight\u00bb opacity_overlay=\u00bb70&#8243; header_feature=\u00bbyes\u00bb footer_feature=\u00bbyes\u00bb section_id=\u00bbsection1&#8243; font_color=\u00bb#333132&#8243; padding_top=\u00bb10&#8243; padding_bottom=\u00bb10&#8243;][vc_column css=\u00bb.vc_custom_1631052035083{padding-top: 5% !important;padding-right: 20% !important;padding-bottom: 5% !important;padding-left: 20% !important;}\u00bb]<h3 class=\"grve-element grve-align-center grve-title-line grve-h3\" style=\"\"><span>Env\u00edanos tu curr\u00edculum<\/span><\/h3>\n<div class=\"wpcf7 no-js\" id=\"wpcf7-f6348-o1\" lang=\"es-ES\" dir=\"ltr\" data-wpcf7-id=\"6348\">\n<div class=\"screen-reader-response\"><p role=\"status\" aria-live=\"polite\" aria-atomic=\"true\"><\/p> <ul><\/ul><\/div>\n<form action=\"\/es\/wp-json\/wp\/v2\/pages\/6269#wpcf7-f6348-o1\" method=\"post\" class=\"wpcf7-form init\" aria-label=\"Formulario de contacto\" enctype=\"multipart\/form-data\" novalidate=\"novalidate\" data-status=\"init\">\n<fieldset class=\"hidden-fields-container\"><input type=\"hidden\" name=\"_wpcf7\" value=\"6348\" \/><input type=\"hidden\" name=\"_wpcf7_version\" value=\"6.1.5\" \/><input type=\"hidden\" name=\"_wpcf7_locale\" value=\"es_ES\" \/><input type=\"hidden\" name=\"_wpcf7_unit_tag\" value=\"wpcf7-f6348-o1\" \/><input type=\"hidden\" name=\"_wpcf7_container_post\" value=\"0\" \/><input type=\"hidden\" name=\"_wpcf7_posted_data_hash\" value=\"\" \/>\n<\/fieldset>\n<p>Tu nombre: (requerido) <span class=\"wpcf7-form-control-wrap\" data-name=\"your-name\"><input size=\"40\" maxlength=\"400\" class=\"wpcf7-form-control wpcf7-text wpcf7-validates-as-required\" aria-required=\"true\" aria-invalid=\"false\" value=\"\" type=\"text\" name=\"your-name\" \/><\/span>\n<\/p>\n<p>Tu Correo: (requerido) <span class=\"wpcf7-form-control-wrap\" data-name=\"your-email\"><input size=\"40\" maxlength=\"400\" class=\"wpcf7-form-control wpcf7-email wpcf7-validates-as-required wpcf7-text wpcf7-validates-as-email\" aria-required=\"true\" aria-invalid=\"false\" value=\"\" type=\"email\" name=\"your-email\" \/><\/span>\n<\/p>\n<p>Tu tel\u00e9fono de contacto: <span class=\"wpcf7-form-control-wrap\" data-name=\"your-celphone\"><input size=\"40\" maxlength=\"400\" class=\"wpcf7-form-control wpcf7-tel wpcf7-validates-as-required wpcf7-text wpcf7-validates-as-tel\" aria-required=\"true\" aria-invalid=\"false\" value=\"\" type=\"tel\" name=\"your-celphone\" \/><\/span>\n<\/p>\n<p>Su curr\u00edculum: (solo .PDF y m\u00e1ximo 10mb) <span class=\"wpcf7-form-control-wrap\" data-name=\"your-resume\"><input size=\"40\" class=\"wpcf7-form-control wpcf7-file wpcf7-validates-as-required\" accept=\".pdf\" aria-required=\"true\" aria-invalid=\"false\" type=\"file\" name=\"your-resume\" \/><\/span>\n<\/p>\n<p><input class=\"wpcf7-form-control wpcf7-submit has-spinner\" type=\"submit\" value=\"Enviar Solicitud\" \/>\n<\/p><p style=\"display: none !important;\" class=\"akismet-fields-container\" data-prefix=\"_wpcf7_ak_\"><label>&#916;<textarea name=\"_wpcf7_ak_hp_textarea\" cols=\"45\" rows=\"8\" maxlength=\"100\"><\/textarea><\/label><input type=\"hidden\" id=\"ak_js_1\" name=\"_wpcf7_ak_js\" value=\"23\"\/><script type=\"text\/javascript\">\n\/* <![CDATA[ *\/\ndocument.getElementById( \"ak_js_1\" ).setAttribute( \"value\", ( new Date() ).getTime() );\n\/* ]]> *\/\n<\/script>\n<\/p><div class=\"wpcf7-response-output\" aria-hidden=\"true\"><\/div>\n<\/form>\n<\/div>\n[\/vc_column][\/vc_row]<\/p>\n<\/section>","protected":false},"excerpt":{"rendered":"<p>[vc_row heading_color=\u00bbprimary-1&#8243; flex_height=\u00bbyes\u00bb middle_content=\u00bbyes\u00bb bg_type=\u00bbcolor\u00bb header_feature=\u00bbyes\u00bb section_id=\u00bbsection1&#8243; bg_color=\u00bb#474649&#8243; font_color=\u00bb#ffffff\u00bb margin_bottom=\u00bb70&#8243;][vc_column][vc_column_text text_style=\u00bbsubtitle\u00bb animation=\u00bbfadeIn\u00bb css=\u00bb.vc_custom_1634227427058{padding-top: 5% !important;padding-right: 5% !important;padding-bottom: 5% !important;padding-left: 5% !important;}\u00bb] En Packem encontrar\u00e1s un entorno que busca la innovaci\u00f3n, valora a las personas a trav\u00e9s de las diferencias y est\u00e1 abierto a recibir personas con cualquier discapacidad, g\u00e9nero, etnia u orientaci\u00f3n sexual, valorando la [&hellip;]<\/p>\n","protected":false},"author":205111849,"featured_media":0,"parent":0,"menu_order":0,"comment_status":"closed","ping_status":"closed","template":"","meta":{"_coblocks_attr":"","_coblocks_dimensions":"","_coblocks_responsive_height":"","_coblocks_accordion_ie_support":"","_crdt_document":"","footnotes":""},"class_list":["post-6269","page","type-page","status-publish","hentry"],"yoast_head":"<!-- This site is optimized with the Yoast SEO plugin v27.2 - https:\/\/yoast.com\/product\/yoast-seo-wordpress\/ -->\n<title>Trabaja con nosotros - Packem<\/title>\n<meta name=\"robots\" content=\"index, follow, max-snippet:-1, max-image-preview:large, max-video-preview:-1\" \/>\n<link rel=\"canonical\" href=\"https:\/\/packem.com.br\/trabalhe-conosco\/\" \/>\n<meta property=\"og:locale\" content=\"es_ES\" \/>\n<meta property=\"og:type\" content=\"article\" \/>\n<meta property=\"og:title\" content=\"Trabaja con nosotros - Packem\" \/>\n<meta property=\"og:description\" content=\"[vc_row heading_color=\u00bbprimary-1&#8243; flex_height=\u00bbyes\u00bb middle_content=\u00bbyes\u00bb bg_type=\u00bbcolor\u00bb header_feature=\u00bbyes\u00bb section_id=\u00bbsection1&#8243; bg_color=\u00bb#474649&#8243; font_color=\u00bb#ffffff\u00bb margin_bottom=\u00bb70&#8243;][vc_column][vc_column_text text_style=\u00bbsubtitle\u00bb animation=\u00bbfadeIn\u00bb css=\u00bb.vc_custom_1634227427058{padding-top: 5% !important;padding-right: 5% !important;padding-bottom: 5% !important;padding-left: 5% !important;}\u00bb] En Packem encontrar\u00e1s un entorno que busca la innovaci\u00f3n, valora a las personas a trav\u00e9s de las diferencias y est\u00e1 abierto a recibir personas con cualquier discapacidad, g\u00e9nero, etnia u orientaci\u00f3n sexual, valorando la [&hellip;]\" \/>\n<meta property=\"og:url\" content=\"https:\/\/packem.com.br\/trabalhe-conosco\/\" \/>\n<meta property=\"og:site_name\" content=\"Packem\" \/>\n<meta property=\"article:modified_time\" content=\"2022-01-14T19:40:01+00:00\" \/>\n<meta name=\"twitter:card\" content=\"summary_large_image\" \/>\n<meta name=\"twitter:label1\" content=\"Tiempo de lectura\" \/>\n\t<meta name=\"twitter:data1\" content=\"1 minuto\" \/>\n<script type=\"application\/ld+json\" class=\"yoast-schema-graph\">{\"@context\":\"https:\/\/schema.org\",\"@graph\":[{\"@type\":\"WebPage\",\"@id\":\"https:\/\/packem.com.br\/trabalhe-conosco\/\",\"url\":\"https:\/\/packem.com.br\/trabalhe-conosco\/\",\"name\":\"Trabaja con nosotros - Packem\",\"isPartOf\":{\"@id\":\"https:\/\/packem.com.br\/#website\"},\"datePublished\":\"2021-10-19T22:01:49+00:00\",\"dateModified\":\"2022-01-14T19:40:01+00:00\",\"breadcrumb\":{\"@id\":\"https:\/\/packem.com.br\/trabalhe-conosco\/#breadcrumb\"},\"inLanguage\":\"es\",\"potentialAction\":[{\"@type\":\"ReadAction\",\"target\":[\"https:\/\/packem.com.br\/trabalhe-conosco\/\"]}]},{\"@type\":\"BreadcrumbList\",\"@id\":\"https:\/\/packem.com.br\/trabalhe-conosco\/#breadcrumb\",\"itemListElement\":[{\"@type\":\"ListItem\",\"position\":1,\"name\":\"In\u00edcio\",\"item\":\"https:\/\/packem.com.br\/\"},{\"@type\":\"ListItem\",\"position\":2,\"name\":\"Trabaja con nosotros\"}]},{\"@type\":\"WebSite\",\"@id\":\"https:\/\/packem.com.br\/#website\",\"url\":\"https:\/\/packem.com.br\/\",\"name\":\"Packem\",\"description\":\"O jeito inteligente de pensar embalagens\",\"publisher\":{\"@id\":\"https:\/\/packem.com.br\/#organization\"},\"potentialAction\":[{\"@type\":\"SearchAction\",\"target\":{\"@type\":\"EntryPoint\",\"urlTemplate\":\"https:\/\/packem.com.br\/?s={search_term_string}\"},\"query-input\":{\"@type\":\"PropertyValueSpecification\",\"valueRequired\":true,\"valueName\":\"search_term_string\"}}],\"inLanguage\":\"es\"},{\"@type\":\"Organization\",\"@id\":\"https:\/\/packem.com.br\/#organization\",\"name\":\"Packem S\/A\",\"url\":\"https:\/\/packem.com.br\/\",\"logo\":{\"@type\":\"ImageObject\",\"inLanguage\":\"es\",\"@id\":\"https:\/\/packem.com.br\/#\/schema\/logo\/image\/\",\"url\":\"https:\/\/i0.wp.com\/site.packem.com.br\/wp-content\/uploads\/2022\/01\/logo_packem.jpg?fit=1024%2C1024&ssl=1\",\"contentUrl\":\"https:\/\/i0.wp.com\/site.packem.com.br\/wp-content\/uploads\/2022\/01\/logo_packem.jpg?fit=1024%2C1024&ssl=1\",\"width\":1024,\"height\":1024,\"caption\":\"Packem S\/A\"},\"image\":{\"@id\":\"https:\/\/packem.com.br\/#\/schema\/logo\/image\/\"},\"sameAs\":[\"https:\/\/www.instagram.com\/packem.sa\",\"https:\/\/br.linkedin.com\/company\/packem\",\"https:\/\/www.youtube.com\/c\/PackemSA\"]}]}<\/script>\n<!-- \/ Yoast SEO plugin. -->","yoast_head_json":{"title":"Trabaja con nosotros - Packem","robots":{"index":"index","follow":"follow","max-snippet":"max-snippet:-1","max-image-preview":"max-image-preview:large","max-video-preview":"max-video-preview:-1"},"canonical":"https:\/\/packem.com.br\/trabalhe-conosco\/","og_locale":"es_ES","og_type":"article","og_title":"Trabaja con nosotros - Packem","og_description":"[vc_row heading_color=\u00bbprimary-1&#8243; flex_height=\u00bbyes\u00bb middle_content=\u00bbyes\u00bb bg_type=\u00bbcolor\u00bb header_feature=\u00bbyes\u00bb section_id=\u00bbsection1&#8243; bg_color=\u00bb#474649&#8243; font_color=\u00bb#ffffff\u00bb margin_bottom=\u00bb70&#8243;][vc_column][vc_column_text text_style=\u00bbsubtitle\u00bb animation=\u00bbfadeIn\u00bb css=\u00bb.vc_custom_1634227427058{padding-top: 5% !important;padding-right: 5% !important;padding-bottom: 5% !important;padding-left: 5% !important;}\u00bb] En Packem encontrar\u00e1s un entorno que busca la innovaci\u00f3n, valora a las personas a trav\u00e9s de las diferencias y est\u00e1 abierto a recibir personas con cualquier discapacidad, g\u00e9nero, etnia u orientaci\u00f3n sexual, valorando la [&hellip;]","og_url":"https:\/\/packem.com.br\/trabalhe-conosco\/","og_site_name":"Packem","article_modified_time":"2022-01-14T19:40:01+00:00","twitter_card":"summary_large_image","twitter_misc":{"Tiempo de lectura":"1 minuto"},"schema":{"@context":"https:\/\/schema.org","@graph":[{"@type":"WebPage","@id":"https:\/\/packem.com.br\/trabalhe-conosco\/","url":"https:\/\/packem.com.br\/trabalhe-conosco\/","name":"Trabaja con nosotros - Packem","isPartOf":{"@id":"https:\/\/packem.com.br\/#website"},"datePublished":"2021-10-19T22:01:49+00:00","dateModified":"2022-01-14T19:40:01+00:00","breadcrumb":{"@id":"https:\/\/packem.com.br\/trabalhe-conosco\/#breadcrumb"},"inLanguage":"es","potentialAction":[{"@type":"ReadAction","target":["https:\/\/packem.com.br\/trabalhe-conosco\/"]}]},{"@type":"BreadcrumbList","@id":"https:\/\/packem.com.br\/trabalhe-conosco\/#breadcrumb","itemListElement":[{"@type":"ListItem","position":1,"name":"In\u00edcio","item":"https:\/\/packem.com.br\/"},{"@type":"ListItem","position":2,"name":"Trabaja con nosotros"}]},{"@type":"WebSite","@id":"https:\/\/packem.com.br\/#website","url":"https:\/\/packem.com.br\/","name":"Packem","description":"O jeito inteligente de pensar embalagens","publisher":{"@id":"https:\/\/packem.com.br\/#organization"},"potentialAction":[{"@type":"SearchAction","target":{"@type":"EntryPoint","urlTemplate":"https:\/\/packem.com.br\/?s={search_term_string}"},"query-input":{"@type":"PropertyValueSpecification","valueRequired":true,"valueName":"search_term_string"}}],"inLanguage":"es"},{"@type":"Organization","@id":"https:\/\/packem.com.br\/#organization","name":"Packem S\/A","url":"https:\/\/packem.com.br\/","logo":{"@type":"ImageObject","inLanguage":"es","@id":"https:\/\/packem.com.br\/#\/schema\/logo\/image\/","url":"https:\/\/i0.wp.com\/site.packem.com.br\/wp-content\/uploads\/2022\/01\/logo_packem.jpg?fit=1024%2C1024&ssl=1","contentUrl":"https:\/\/i0.wp.com\/site.packem.com.br\/wp-content\/uploads\/2022\/01\/logo_packem.jpg?fit=1024%2C1024&ssl=1","width":1024,"height":1024,"caption":"Packem S\/A"},"image":{"@id":"https:\/\/packem.com.br\/#\/schema\/logo\/image\/"},"sameAs":["https:\/\/www.instagram.com\/packem.sa","https:\/\/br.linkedin.com\/company\/packem","https:\/\/www.youtube.com\/c\/PackemSA"]}]}},"jetpack_sharing_enabled":true,"jetpack_likes_enabled":false,"jetpack_shortlink":"https:\/\/wp.me\/Pdqkgh-1D7","amp_enabled":true,"_links":{"self":[{"href":"https:\/\/packem.com.br\/es\/wp-json\/wp\/v2\/pages\/6269","targetHints":{"allow":["GET"]}}],"collection":[{"href":"https:\/\/packem.com.br\/es\/wp-json\/wp\/v2\/pages"}],"about":[{"href":"https:\/\/packem.com.br\/es\/wp-json\/wp\/v2\/types\/page"}],"author":[{"embeddable":true,"href":"https:\/\/packem.com.br\/es\/wp-json\/wp\/v2\/users\/205111849"}],"replies":[{"embeddable":true,"href":"https:\/\/packem.com.br\/es\/wp-json\/wp\/v2\/comments?post=6269"}],"version-history":[{"count":4,"href":"https:\/\/packem.com.br\/es\/wp-json\/wp\/v2\/pages\/6269\/revisions"}],"predecessor-version":[{"id":6674,"href":"https:\/\/packem.com.br\/es\/wp-json\/wp\/v2\/pages\/6269\/revisions\/6674"}],"wp:attachment":[{"href":"https:\/\/packem.com.br\/es\/wp-json\/wp\/v2\/media?parent=6269"}],"curies":[{"name":"wp","href":"https:\/\/api.w.org\/{rel}","templated":true}]}}